{"id":4,"date":"2019-09-18T08:14:26","date_gmt":"2019-09-18T08:14:26","guid":{"rendered":"http:\/\/reinartz-consulting.de\/?page_id=4"},"modified":"2019-09-18T08:19:07","modified_gmt":"2019-09-18T08:19:07","slug":"start","status":"publish","type":"page","link":"https:\/\/reinartz-consulting.de\/","title":{"rendered":"start"},"content":{"rendered":"\n<p>Reinartz Consulting ber\u00e4t Organisationen\nin den Themen Prozessoptimierung, Six Sigma.<\/p>\n\n\n\n<p>Zus\u00e4tzlich unterst\u00fctzt Reinartz\nConsulting bei der Erstellung und \u00dcberarbeitung eines Gesch\u00e4ftsmodells.<\/p>\n\n\n\n<p>Wenn Sie Interesse haben, schreiben Sie mir bitte eine <a href=\"mailto: info@rt-i.de\">Email<\/a>.<\/p>\n","protected":false},"excerpt":{"rendered":"<p>Reinartz Consulting ber\u00e4t Organisationen in den Themen Prozessoptimierung, Six Sigma. Zus\u00e4tzlich unterst\u00fctzt Reinartz Consulting bei der Erstellung und \u00dcberarbeitung eines Gesch\u00e4ftsmodells. Wenn Sie Interesse haben, schreiben Sie mir bitte eine Email.<\/p>\n","protected":false},"author":1,"featured_media":0,"parent":0,"menu_order":0,"comment_status":"closed","ping_status":"closed","template":"","meta":{"footnotes":""},"class_list":["post-4","page","type-page","status-publish","hentry"],"_links":{"self":[{"href":"https:\/\/reinartz-consulting.de\/index.php?rest_route=\/wp\/v2\/pages\/4","targetHints":{"allow":["GET"]}}],"collection":[{"href":"https:\/\/reinartz-consulting.de\/index.php?rest_route=\/wp\/v2\/pages"}],"about":[{"href":"https:\/\/reinartz-consulting.de\/index.php?rest_route=\/wp\/v2\/types\/page"}],"author":[{"embeddable":true,"href":"https:\/\/reinartz-consulting.de\/index.php?rest_route=\/wp\/v2\/users\/1"}],"replies":[{"embeddable":true,"href":"https:\/\/reinartz-consulting.de\/index.php?rest_route=%2Fwp%2Fv2%2Fcomments&post=4"}],"version-history":[{"count":2,"href":"https:\/\/reinartz-consulting.de\/index.php?rest_route=\/wp\/v2\/pages\/4\/revisions"}],"predecessor-version":[{"id":9,"href":"https:\/\/reinartz-consulting.de\/index.php?rest_route=\/wp\/v2\/pages\/4\/revisions\/9"}],"wp:attachment":[{"href":"https:\/\/reinartz-consulting.de\/index.php?rest_route=%2Fwp%2Fv2%2Fmedia&parent=4"}],"curies":[{"name":"wp","href":"https:\/\/api.w.org\/{rel}","templated":true}]}}